{"id":17,"date":"2023-09-18T16:12:55","date_gmt":"2023-09-18T19:12:55","guid":{"rendered":"https:\/\/camaradeitatuba.pb.gov.br\/fale-conosco\/?page_id=17"},"modified":"2023-09-25T17:00:46","modified_gmt":"2023-09-25T20:00:46","slug":"home","status":"publish","type":"page","link":"https:\/\/camaradeitatuba.pb.gov.br\/fale-conosco\/","title":{"rendered":"Home"},"content":{"rendered":"\t\t<div data-elementor-type=\"wp-page\" data-elementor-id=\"17\" class=\"elementor elementor-17\">\n\t\t\t\t<div class=\"elementor-element elementor-element-7b12987 e-flex e-con-boxed wpr-particle-no wpr-jarallax-no wpr-parallax-no wpr-sticky-section-no e-con e-parent\" data-id=\"7b12987\" data-element_type=\"container\" data-settings=\"{&quot;background_background&quot;:&quot;classic&quot;}\" data-core-v316-plus=\"true\">\n\t\t\t\t\t<div class=\"e-con-inner\">\n\t\t\t\t<div class=\"elementor-element elementor-element-a218802 elementor-widget elementor-widget-text-editor\" data-id=\"a218802\" data-element_type=\"widget\" data-widget_type=\"text-editor.default\">\n\t\t\t\t<div class=\"elementor-widget-container\">\n\t\t\t<style>\/*! elementor - v3.20.0 - 26-03-2024 *\/\n.elementor-widget-text-editor.elementor-drop-cap-view-stacked .elementor-drop-cap{background-color:#69727d;color:#fff}.elementor-widget-text-editor.elementor-drop-cap-view-framed .elementor-drop-cap{color:#69727d;border:3px solid;background-color:transparent}.elementor-widget-text-editor:not(.elementor-drop-cap-view-default) .elementor-drop-cap{margin-top:8px}.elementor-widget-text-editor:not(.elementor-drop-cap-view-default) .elementor-drop-cap-letter{width:1em;height:1em}.elementor-widget-text-editor .elementor-drop-cap{float:left;text-align:center;line-height:1;font-size:50px}.elementor-widget-text-editor .elementor-drop-cap-letter{display:inline-block}<\/style>\t\t\t\t<p>Bem-vindo \u00e0 nossa p\u00e1gina de Fale Conosco da C\u00e2mara Municipal de Itatuba. Estamos comprometidos em ouvir voc\u00ea, cidad\u00e3o, e valorizamos suas opini\u00f5es, d\u00favidas, sugest\u00f5es, den\u00fancias e reclama\u00e7\u00f5es. Acreditamos que o di\u00e1logo aberto entre a comunidade e os vereadores \u00e9 essencial para a constru\u00e7\u00e3o de uma cidade melhor e mais justa.<\/p>\t\t\t\t\t\t<\/div>\n\t\t\t\t<\/div>\n\t\t\t\t\t<\/div>\n\t\t\t\t<\/div>\n\t\t<div class=\"elementor-element elementor-element-6bed4da e-grid e-con-boxed wpr-particle-no wpr-jarallax-no wpr-parallax-no wpr-sticky-section-no e-con e-parent\" data-id=\"6bed4da\" data-element_type=\"container\" data-core-v316-plus=\"true\">\n\t\t\t\t\t<div class=\"e-con-inner\">\n\t\t\t\t<div class=\"elementor-element elementor-element-ad96029 eael-infobox-content-align-center eael-infobox-icon-bg-shape-none eael-infobox-icon-hover-bg-shape-none elementor-widget elementor-widget-eael-info-box\" data-id=\"ad96029\" data-element_type=\"widget\" data-widget_type=\"eael-info-box.default\">\n\t\t\t\t<div class=\"elementor-widget-container\">\n\t\t\t        <div class=\"eael-infobox\">\n\t            <div class=\"infobox-icon eael-icon-only\">\n\n            \n                            <div class=\"infobox-icon-wrap\">\n                    <i aria-hidden=\"true\" class=\"far fa-question-circle\"><\/i>                <\/div>\n            \n            \n        <\/div>\n            <div class=\"infobox-content eael-icon-only\">\n                            <h3 class=\"title\">D\u00favidas<\/h3>\n                                                                                                <p>Se voc\u00ea tiver d\u00favidas sobre o funcionamento da C\u00e2mara Municipal de Itatuba, os processos legislativos, os projetos de lei em andamento ou qualquer outra quest\u00e3o relacionada \u00e0 nossa institui\u00e7\u00e3o, estamos aqui para esclarecer suas d\u00favidas. N\u00e3o hesite em entrar em contato conosco e teremos o prazer de fornecer as informa\u00e7\u00f5es necess\u00e1rias para que voc\u00ea possa compreender melhor nosso trabalho e nossos procedimentos.<\/p>                                                                            <\/div>\n            <\/div>\n\n\t\t\t\t<\/div>\n\t\t\t\t<\/div>\n\t\t\t\t<div class=\"elementor-element elementor-element-14039b7 eael-infobox-content-align-center eael-infobox-icon-bg-shape-none eael-infobox-icon-hover-bg-shape-none elementor-widget elementor-widget-eael-info-box\" data-id=\"14039b7\" data-element_type=\"widget\" data-widget_type=\"eael-info-box.default\">\n\t\t\t\t<div class=\"elementor-widget-container\">\n\t\t\t        <div class=\"eael-infobox\">\n\t            <div class=\"infobox-icon eael-icon-only\">\n\n            \n                            <div class=\"infobox-icon-wrap\">\n                    <i aria-hidden=\"true\" class=\"fas fa-pen-alt\"><\/i>                <\/div>\n            \n            \n        <\/div>\n            <div class=\"infobox-content eael-icon-only\">\n                            <h3 class=\"title\">Sugest\u00f5es<\/h3>\n                                                                                                <p>As sugest\u00f5es dos cidad\u00e3os s\u00e3o valiosas para n\u00f3s. Se voc\u00ea tem ideias ou propostas para melhorar nossa cidade, servi\u00e7os p\u00fablicos, infraestrutura ou pol\u00edticas locais, gostar\u00edamos de ouvi-las. Suas sugest\u00f5es podem contribuir para o desenvolvimento de Itatuba e aprimoramento da qualidade de vida de todos os residentes. Envie suas sugest\u00f5es e ajude-nos a construir um futuro melhor.<\/p>                                                                            <\/div>\n            <\/div>\n\n\t\t\t\t<\/div>\n\t\t\t\t<\/div>\n\t\t\t\t<div class=\"elementor-element elementor-element-cee016d eael-infobox-content-align-center eael-infobox-icon-bg-shape-none eael-infobox-icon-hover-bg-shape-none elementor-widget elementor-widget-eael-info-box\" data-id=\"cee016d\" data-element_type=\"widget\" data-widget_type=\"eael-info-box.default\">\n\t\t\t\t<div class=\"elementor-widget-container\">\n\t\t\t        <div class=\"eael-infobox\">\n\t            <div class=\"infobox-icon eael-icon-only\">\n\n            \n                            <div class=\"infobox-icon-wrap\">\n                    <i aria-hidden=\"true\" class=\"fas fa-volume-up\"><\/i>                <\/div>\n            \n            \n        <\/div>\n            <div class=\"infobox-content eael-icon-only\">\n                            <h3 class=\"title\">Den\u00fancias<\/h3>\n                                                                                                <p>Se voc\u00ea tiver d\u00favidas sobre o funcionamento da C\u00e2mara Municipal de Itatuba, os processos legislativos, os projetos de lei em andamento ou qualquer outra quest\u00e3o relacionada \u00e0 nossa institui\u00e7\u00e3o, estamos aqui para esclarecer suas d\u00favidas. N\u00e3o hesite em entrar em contato conosco e teremos o prazer de fornecer as informa\u00e7\u00f5es necess\u00e1rias para que voc\u00ea possa compreender melhor nosso trabalho e nossos procedimentos.<\/p>                                                                            <\/div>\n            <\/div>\n\n\t\t\t\t<\/div>\n\t\t\t\t<\/div>\n\t\t\t\t<div class=\"elementor-element elementor-element-12a86c7 eael-infobox-content-align-center eael-infobox-icon-bg-shape-none eael-infobox-icon-hover-bg-shape-none elementor-widget elementor-widget-eael-info-box\" data-id=\"12a86c7\" data-element_type=\"widget\" data-widget_type=\"eael-info-box.default\">\n\t\t\t\t<div class=\"elementor-widget-container\">\n\t\t\t        <div class=\"eael-infobox\">\n\t            <div class=\"infobox-icon eael-icon-only\">\n\n            \n                            <div class=\"infobox-icon-wrap\">\n                    <i aria-hidden=\"true\" class=\"fas fa-comments\"><\/i>                <\/div>\n            \n            \n        <\/div>\n            <div class=\"infobox-content eael-icon-only\">\n                            <h3 class=\"title\">Reclama\u00e7\u00f5es<\/h3>\n                                                                                                <p>Se voc\u00ea tiver d\u00favidas sobre o funcionamento da C\u00e2mara Municipal de Itatuba, os processos legislativos, os projetos de lei em andamento ou qualquer outra quest\u00e3o relacionada \u00e0 nossa institui\u00e7\u00e3o, estamos aqui para esclarecer suas d\u00favidas. N\u00e3o hesite em entrar em contato conosco e teremos o prazer de fornecer as informa\u00e7\u00f5es necess\u00e1rias para que voc\u00ea possa compreender melhor nosso trabalho e nossos procedimentos.<\/p>                                                                            <\/div>\n            <\/div>\n\n\t\t\t\t<\/div>\n\t\t\t\t<\/div>\n\t\t\t\t\t<\/div>\n\t\t\t\t<\/div>\n\t\t<div class=\"elementor-element elementor-element-099af6d e-con-full e-flex wpr-particle-no wpr-jarallax-no wpr-parallax-no wpr-sticky-section-no e-con e-parent\" data-id=\"099af6d\" data-element_type=\"container\" data-settings=\"{&quot;background_background&quot;:&quot;classic&quot;}\" data-core-v316-plus=\"true\">\n\t\t<div class=\"elementor-element elementor-element-c65d955 e-flex e-con-boxed wpr-particle-no wpr-jarallax-no wpr-parallax-no wpr-sticky-section-no e-con e-child\" data-id=\"c65d955\" data-element_type=\"container\">\n\t\t\t\t\t<div class=\"e-con-inner\">\n\t\t\t\t<div class=\"elementor-element elementor-element-c8657a2 elementor-widget elementor-widget-heading\" data-id=\"c8657a2\" data-element_type=\"widget\" data-widget_type=\"heading.default\">\n\t\t\t\t<div class=\"elementor-widget-container\">\n\t\t\t<style>\/*! elementor - v3.20.0 - 26-03-2024 *\/\n.elementor-heading-title{padding:0;margin:0;line-height:1}.elementor-widget-heading .elementor-heading-title[class*=elementor-size-]>a{color:inherit;font-size:inherit;line-height:inherit}.elementor-widget-heading .elementor-heading-title.elementor-size-small{font-size:15px}.elementor-widget-heading .elementor-heading-title.elementor-size-medium{font-size:19px}.elementor-widget-heading .elementor-heading-title.elementor-size-large{font-size:29px}.elementor-widget-heading .elementor-heading-title.elementor-size-xl{font-size:39px}.elementor-widget-heading .elementor-heading-title.elementor-size-xxl{font-size:59px}<\/style><h2 class=\"elementor-heading-title elementor-size-default\">Como Funciona<\/h2>\t\t<\/div>\n\t\t\t\t<\/div>\n\t\t\t\t<div class=\"elementor-element elementor-element-7d462ec elementor-widget elementor-widget-text-editor\" data-id=\"7d462ec\" data-element_type=\"widget\" data-widget_type=\"text-editor.default\">\n\t\t\t\t<div class=\"elementor-widget-container\">\n\t\t\t\t\t\t\t<div><div>Nossa equipe est\u00e1 pronta para receber suas mensagens e encaminh\u00e1-las aos vereadores respons\u00e1veis. Aqui est\u00e1 como voc\u00ea pode entrar em contato conosco:<\/div><p>\u00a0<\/p><div><strong>Formul\u00e1rio Online:<\/strong> Preencha o formul\u00e1rio abaixo com suas informa\u00e7\u00f5es e detalhes sobre sua mensagem. Certifique-se de incluir suas informa\u00e7\u00f5es de contato para que possamos respond\u00ea-lo.<\/div><p>\u00a0<\/p><div><strong>E-mail:<\/strong> Voc\u00ea tamb\u00e9m pode enviar um e-mail diretamente para <a href=\"mailto:falecom@camaradeitatuba.pb.gov.br\">falecom@camaradeitatuba.pb.gov.br<\/a> com suas perguntas, sugest\u00f5es, den\u00fancias ou reclama\u00e7\u00f5es.<\/div><p>\u00a0<\/p><div><strong>Atendimento Presencial:<\/strong> Se preferir, voc\u00ea pode nos visitar pessoalmente na sede da C\u00e2mara Municipal de Itatuba. Nossa equipe estar\u00e1 \u00e0 disposi\u00e7\u00e3o para ouvi-lo e ajud\u00e1-lo.<\/div><\/div>\t\t\t\t\t\t<\/div>\n\t\t\t\t<\/div>\n\t\t\t\t\t<\/div>\n\t\t\t\t<\/div>\n\t\t\t\t<\/div>\n\t\t<div class=\"elementor-element elementor-element-e871718 e-grid e-con-boxed wpr-particle-no wpr-jarallax-no wpr-parallax-no wpr-sticky-section-no e-con e-parent\" data-id=\"e871718\" data-element_type=\"container\" data-core-v316-plus=\"true\">\n\t\t\t\t\t<div class=\"e-con-inner\">\n\t\t\t\t<div class=\"elementor-element elementor-element-56ab921 elementor-widget__width-inherit eael-contact-form-7-button-align-left eael-contact-form-7-button-custom elementor-widget elementor-widget-eael-contact-form-7\" data-id=\"56ab921\" data-element_type=\"widget\" id=\"onlineForm\" data-widget_type=\"eael-contact-form-7.default\">\n\t\t\t\t<div class=\"elementor-widget-container\">\n\t\t\t<div class=\"eael-contact-form-7-wrapper\">\n                <div class=\"eael-contact-form eael-contact-form-7 eael-contact-form-56ab921 placeholder-show eael-contact-form-align-default\"><div class=\"eael-contact-form-7-heading\"><h3 class=\"eael-contact-form-title eael-contact-form-7-title\">\n                                    Formul\u00e1rio Online\n                                <\/h3><\/div>\n<div class=\"wpcf7 no-js\" id=\"wpcf7-f56-o1\" lang=\"pt-BR\" dir=\"ltr\">\n<div class=\"screen-reader-response\"><p role=\"status\" aria-live=\"polite\" aria-atomic=\"true\"><\/p> <ul><\/ul><\/div>\n<form action=\"\/fale-conosco\/wp-json\/wp\/v2\/pages\/17#wpcf7-f56-o1\" method=\"post\" class=\"wpcf7-form init\" aria-label=\"Formul\u00e1rios de contato\" enctype=\"multipart\/form-data\" novalidate=\"novalidate\" data-status=\"init\">\n<div style=\"display: none;\">\n<input type=\"hidden\" name=\"_wpcf7\" value=\"56\" \/>\n<input type=\"hidden\" name=\"_wpcf7_version\" value=\"5.9.3\" \/>\n<input type=\"hidden\" name=\"_wpcf7_locale\" value=\"pt_BR\" \/>\n<input type=\"hidden\" name=\"_wpcf7_unit_tag\" value=\"wpcf7-f56-o1\" \/>\n<input type=\"hidden\" name=\"_wpcf7_container_post\" value=\"0\" \/>\n<input type=\"hidden\" name=\"_wpcf7_posted_data_hash\" value=\"\" \/>\n<\/div>\n<p><label> Nome<br \/>\n<span class=\"wpcf7-form-control-wrap\" data-name=\"your-name\"><input size=\"1500\" class=\"wpcf7-form-control wpcf7-text wpcf7-validates-as-required\" autocomplete=\"name\" aria-required=\"true\" aria-invalid=\"false\" placeholder=\"Digite seu Nome\" value=\"\" type=\"text\" name=\"your-name\" \/><\/span> <\/label><br \/>\n<label> Telefone<br \/>\n<span class=\"wpcf7-form-control-wrap\" data-name=\"Telefone\"><input size=\"40\" class=\"wpcf7-form-control wpcf7-tel wpcf7-validates-as-required wpcf7-text wpcf7-validates-as-tel\" id=\"telefone\" aria-required=\"true\" aria-invalid=\"false\" placeholder=\"Digite seu Telefone\" value=\"\" type=\"tel\" name=\"Telefone\" \/><\/span> <\/label>\n<\/p>\n<p><label> E-mail<br \/>\n<span class=\"wpcf7-form-control-wrap\" data-name=\"your-email\"><input size=\"40\" class=\"wpcf7-form-control wpcf7-email wpcf7-text wpcf7-validates-as-email\" autocomplete=\"email\" aria-invalid=\"false\" placeholder=\"Digite seu E-mail\" value=\"\" type=\"email\" name=\"your-email\" \/><\/span> <\/label>\n<\/p>\n<p><label> Motivo do Contato<br \/>\n<span class=\"wpcf7-form-control-wrap\" data-name=\"Motivodocontato\"><select class=\"wpcf7-form-control wpcf7-select wpcf7-validates-as-required\" id=\"motovo-contato\" aria-required=\"true\" aria-invalid=\"false\" name=\"Motivodocontato\"><option value=\"D\u00favida\">D\u00favida<\/option><option value=\"Sugest\u00e3o\">Sugest\u00e3o<\/option><option value=\"Reclama\u00e7\u00e3o\">Reclama\u00e7\u00e3o<\/option><option value=\"Den\u00fancia\">Den\u00fancia<\/option><\/select><\/span> <\/label>\n<\/p>\n<p><label> Sua mensagem (opcional)<br \/>\n<span class=\"wpcf7-form-control-wrap\" data-name=\"your-message\"><textarea cols=\"40\" rows=\"10\" class=\"wpcf7-form-control wpcf7-textarea\" aria-invalid=\"false\" placeholder=\"Detalhe o motivo de seu contato\" name=\"your-message\"><\/textarea><\/span> <\/label>\n<\/p>\n<p><span class=\"wpcf7-form-control-wrap\" data-name=\"arquivo-falecom\"><input size=\"40\" class=\"wpcf7-form-control wpcf7-file\" id=\"filefalecom\" accept=\".pdf,.jpg,.jpeg,.png\" aria-invalid=\"false\" type=\"file\" name=\"arquivo-falecom\" \/><\/span>\n<\/p>\n<p><input class=\"wpcf7-form-control wpcf7-submit has-spinner\" type=\"submit\" value=\"Enviar\" \/>\n<\/p><div class=\"wpcf7-response-output\" aria-hidden=\"true\"><\/div>\n<\/form>\n<\/div>\n<\/div>\n            <\/div>\t\t<\/div>\n\t\t\t\t<\/div>\n\t\t\t\t<div class=\"elementor-element elementor-element-537ff48 elementor-widget elementor-widget-image\" data-id=\"537ff48\" data-element_type=\"widget\" data-widget_type=\"image.default\">\n\t\t\t\t<div class=\"elementor-widget-container\">\n\t\t\t<style>\/*! elementor - v3.20.0 - 26-03-2024 *\/\n.elementor-widget-image{text-align:center}.elementor-widget-image a{display:inline-block}.elementor-widget-image a img[src$=\".svg\"]{width:48px}.elementor-widget-image img{vertical-align:middle;display:inline-block}<\/style>\t\t\t\t\t\t\t\t\t\t<img fetchpriority=\"high\" decoding=\"async\" width=\"683\" height=\"1024\" src=\"https:\/\/camaradeitatuba.pb.gov.br\/fale-conosco\/wp-content\/uploads\/2023\/09\/WppOuvidoria-683x1024.jpg\" class=\"attachment-large size-large wp-image-117\" alt=\"\" srcset=\"https:\/\/camaradeitatuba.pb.gov.br\/fale-conosco\/wp-content\/uploads\/2023\/09\/WppOuvidoria-683x1024.jpg 683w, https:\/\/camaradeitatuba.pb.gov.br\/fale-conosco\/wp-content\/uploads\/2023\/09\/WppOuvidoria-200x300.jpg 200w, https:\/\/camaradeitatuba.pb.gov.br\/fale-conosco\/wp-content\/uploads\/2023\/09\/WppOuvidoria-768x1152.jpg 768w, https:\/\/camaradeitatuba.pb.gov.br\/fale-conosco\/wp-content\/uploads\/2023\/09\/WppOuvidoria-1024x1536.jpg 1024w, https:\/\/camaradeitatuba.pb.gov.br\/fale-conosco\/wp-content\/uploads\/2023\/09\/WppOuvidoria-1365x2048.jpg 1365w, https:\/\/camaradeitatuba.pb.gov.br\/fale-conosco\/wp-content\/uploads\/2023\/09\/WppOuvidoria-scaled.jpg 1707w\" sizes=\"(max-width: 683px) 100vw, 683px\" \/>\t\t\t\t\t\t\t\t\t\t\t\t\t<\/div>\n\t\t\t\t<\/div>\n\t\t\t\t\t<\/div>\n\t\t\t\t<\/div>\n\t\t\t\t<\/div>\n\t\t","protected":false},"excerpt":{"rendered":"<p>Bem-vindo \u00e0 nossa p\u00e1gina de Fale Conosco da C\u00e2mara Municipal de Itatuba. Estamos comprometidos em ouvir voc\u00ea, cidad\u00e3o, e valorizamos suas opini\u00f5es, d\u00favidas, sugest\u00f5es, den\u00fancias e reclama\u00e7\u00f5es. Acreditamos que o di\u00e1logo aberto entre a comunidade e os vereadores \u00e9 essencial para a constru\u00e7\u00e3o de uma cidade melhor e mais justa. D\u00favidas Se voc\u00ea tiver d\u00favidas [&hellip;]<\/p>\n","protected":false},"author":1,"featured_media":0,"parent":0,"menu_order":0,"comment_status":"closed","ping_status":"closed","template":"elementor_header_footer","meta":{"footnotes":""},"class_list":["post-17","page","type-page","status-publish","hentry"],"_links":{"self":[{"href":"https:\/\/camaradeitatuba.pb.gov.br\/fale-conosco\/wp-json\/wp\/v2\/pages\/17","targetHints":{"allow":["GET"]}}],"collection":[{"href":"https:\/\/camaradeitatuba.pb.gov.br\/fale-conosco\/wp-json\/wp\/v2\/pages"}],"about":[{"href":"https:\/\/camaradeitatuba.pb.gov.br\/fale-conosco\/wp-json\/wp\/v2\/types\/page"}],"author":[{"embeddable":true,"href":"https:\/\/camaradeitatuba.pb.gov.br\/fale-conosco\/wp-json\/wp\/v2\/users\/1"}],"replies":[{"embeddable":true,"href":"https:\/\/camaradeitatuba.pb.gov.br\/fale-conosco\/wp-json\/wp\/v2\/comments?post=17"}],"version-history":[{"count":76,"href":"https:\/\/camaradeitatuba.pb.gov.br\/fale-conosco\/wp-json\/wp\/v2\/pages\/17\/revisions"}],"predecessor-version":[{"id":150,"href":"https:\/\/camaradeitatuba.pb.gov.br\/fale-conosco\/wp-json\/wp\/v2\/pages\/17\/revisions\/150"}],"wp:attachment":[{"href":"https:\/\/camaradeitatuba.pb.gov.br\/fale-conosco\/wp-json\/wp\/v2\/media?parent=17"}],"curies":[{"name":"wp","href":"https:\/\/api.w.org\/{rel}","templated":true}]}}